{"id":3309,"date":"2024-04-01T17:31:57","date_gmt":"2024-04-01T21:31:57","guid":{"rendered":"https:\/\/smartintegrationsfl.com\/?page_id=3309"},"modified":"2024-04-02T13:37:00","modified_gmt":"2024-04-02T17:37:00","slug":"builders","status":"publish","type":"page","link":"https:\/\/smartintegrationsfl.com\/es\/services\/builders\/","title":{"rendered":"Servicio a Constructores"},"content":{"rendered":"<div data-elementor-type=\"wp-page\" data-elementor-id=\"3309\" class=\"elementor elementor-3309\" data-elementor-post-type=\"page\">\n\t\t\t\t<div class=\"elementor-element elementor-element-cafcaf8 e-flex e-con-boxed e-con e-parent\" data-id=\"cafcaf8\" data-element_type=\"container\" data-e-type=\"container\" data-settings=\"{&quot;background_background&quot;:&quot;classic&quot;}\">\n\t\t\t\t\t<div class=\"e-con-inner\">\n\t\t<div class=\"elementor-element elementor-element-f405b66 e-con-full e-flex e-con e-child\" data-id=\"f405b66\" data-element_type=\"container\" data-e-type=\"container\">\n\t\t\t\t<\/div>\n\t\t\t\t\t<\/div>\n\t\t\t\t<\/div>\n\t\t<div class=\"elementor-element elementor-element-a47af41 e-flex e-con-boxed e-con e-parent\" data-id=\"a47af41\" data-element_type=\"container\" data-e-type=\"container\">\n\t\t\t\t\t<div class=\"e-con-inner\">\n\t\t<div class=\"elementor-element elementor-element-315d40b e-con-full e-flex e-con e-child\" data-id=\"315d40b\" data-element_type=\"container\" data-e-type=\"container\">\n\t\t<div class=\"elementor-element elementor-element-ff2584d e-con-full e-flex e-con e-child\" data-id=\"ff2584d\" data-element_type=\"container\" data-e-type=\"container\">\n\t\t\t\t<div class=\"elementor-element elementor-element-fb15366 elementor-widget-mobile__width-inherit elementor-widget__width-initial elementor-widget-tablet__width-initial elementor-widget elementor-widget-image\" data-id=\"fb15366\" data-element_type=\"widget\" data-e-type=\"widget\" data-widget_type=\"image.default\">\n\t\t\t\t<div class=\"elementor-widget-container\">\n\t\t\t\t\t\t\t\t\t\t\t\t\t\t\t<img fetchpriority=\"high\" decoding=\"async\" width=\"950\" height=\"950\" src=\"https:\/\/smartintegrationsfl.com\/wp-content\/uploads\/2024\/04\/builders.jpg\" class=\"attachment-full size-full wp-image-3314\" alt=\"\" srcset=\"https:\/\/smartintegrationsfl.com\/wp-content\/uploads\/2024\/04\/builders.jpg 950w, https:\/\/smartintegrationsfl.com\/wp-content\/uploads\/2024\/04\/builders-300x300.jpg 300w, https:\/\/smartintegrationsfl.com\/wp-content\/uploads\/2024\/04\/builders-150x150.jpg 150w, https:\/\/smartintegrationsfl.com\/wp-content\/uploads\/2024\/04\/builders-768x768.jpg 768w\" sizes=\"(max-width: 950px) 100vw, 950px\" \/>\t\t\t\t\t\t\t\t\t\t\t\t\t\t\t<\/div>\n\t\t\t\t<\/div>\n\t\t\t\t<\/div>\n\t\t<div class=\"elementor-element elementor-element-8acc48b e-con-full e-flex e-con e-child\" data-id=\"8acc48b\" data-element_type=\"container\" data-e-type=\"container\">\n\t\t\t\t<div class=\"elementor-element elementor-element-aa39fb4 elementor-widget elementor-widget-heading\" data-id=\"aa39fb4\" data-element_type=\"widget\" data-e-type=\"widget\" data-widget_type=\"heading.default\">\n\t\t\t\t<div class=\"elementor-widget-container\">\n\t\t\t\t\t<h2 class=\"elementor-heading-title elementor-size-default\">Integraci\u00f3nes Perfectas<\/h2>\t\t\t\t<\/div>\n\t\t\t\t<\/div>\n\t\t\t\t<div class=\"elementor-element elementor-element-f13efcc elementor-widget__width-initial elementor-widget elementor-widget-heading\" data-id=\"f13efcc\" data-element_type=\"widget\" data-e-type=\"widget\" data-widget_type=\"heading.default\">\n\t\t\t\t<div class=\"elementor-widget-container\">\n\t\t\t\t\t<h1 class=\"elementor-heading-title elementor-size-default\">Soluciones Inteligentes para constructores de vivienda.<\/h1>\t\t\t\t<\/div>\n\t\t\t\t<\/div>\n\t\t\t\t<div class=\"elementor-element elementor-element-c98210e elementor-widget__width-initial elementor-widget elementor-widget-text-editor\" data-id=\"c98210e\" data-element_type=\"widget\" data-e-type=\"widget\" data-widget_type=\"text-editor.default\">\n\t\t\t\t<div class=\"elementor-widget-container\">\n\t\t\t\t\t\t\t\t\t<p>Los constructores ahora tienen la oportunidad de integrar nuestras soluciones en sus proyectos, ofreciendo a los propietarios la tecnolog\u00eda de vanguardia que anhelan. Estas soluciones incluyen seguridad y automatizaci\u00f3n, control de temperatura, iluminaci\u00f3n, cortinas sistemas de entretenimiento y control de acceso. Al incorporar estos sistemas, los constructores elevan el est\u00e1ndar de vida moderna, mejorando tanto la funcionalidad como el atractivo de sus hogares.\n\nEn el mundo actual, donde la tecnolog\u00eda es cada vez m\u00e1s importante, los propietarios esperan tecnolog\u00eda inteligente para el hogar como una caracter\u00edstica est\u00e1ndar. Reconociendo este cambio en las expectativas del consumidor, este programa, especialmente dise\u00f1ado para constructores, se vuelve indispensable. Brinda un apoyo invaluable sin costo adicional, simplificando el proceso de integraci\u00f3n. A trav\u00e9s de este programa, los constructores pueden garantizar que sus hogares no solo cumplan, sino que superen las demandas en evoluci\u00f3n de los compradores potenciales, estableciendo un nuevo est\u00e1ndar para los est\u00e1ndares de vida modernos.<\/p><p><span style=\"color: var( --e-global-color-text );\">In today&#8217;s tech-savvy world, homeowners have come to expect smart home technology as a standard feature. Recognizing this shift in consumer expectations, this program, specifically tailored for builders, becomes indispensable. It provides invaluable support at no additional cost, streamlining the integration process. Through this program, builders can ensure that their homes not only meet but exceed the evolving demands of prospective buyers, setting a new benchmark for modern living standards.<\/span><\/p>\t\t\t\t\t\t\t\t<\/div>\n\t\t\t\t<\/div>\n\t\t\t\t<\/div>\n\t\t\t\t<\/div>\n\t\t\t\t\t<\/div>\n\t\t\t\t<\/div>\n\t\t<div class=\"elementor-element elementor-element-10cd7a7 e-flex e-con-boxed e-con e-parent\" data-id=\"10cd7a7\" data-element_type=\"container\" data-e-type=\"container\" data-settings=\"{&quot;background_background&quot;:&quot;classic&quot;}\">\n\t\t\t\t\t<div class=\"e-con-inner\">\n\t\t<div class=\"elementor-element elementor-element-9f4ab2c e-con-full e-flex e-con e-child\" data-id=\"9f4ab2c\" data-element_type=\"container\" data-e-type=\"container\">\n\t\t<div class=\"elementor-element elementor-element-95b62e3 e-flex e-con-boxed e-con e-child\" data-id=\"95b62e3\" data-element_type=\"container\" data-e-type=\"container\">\n\t\t\t\t\t<div class=\"e-con-inner\">\n\t\t\t\t<div class=\"elementor-element elementor-element-788558e elementor-widget elementor-widget-heading\" data-id=\"788558e\" data-element_type=\"widget\" data-e-type=\"widget\" data-widget_type=\"heading.default\">\n\t\t\t\t<div class=\"elementor-widget-container\">\n\t\t\t\t\t<h2 class=\"elementor-heading-title elementor-size-default\">Nuestros<\/h2>\t\t\t\t<\/div>\n\t\t\t\t<\/div>\n\t\t\t\t<div class=\"elementor-element elementor-element-b93f9ea elementor-widget__width-initial elementor-widget elementor-widget-heading\" data-id=\"b93f9ea\" data-element_type=\"widget\" data-e-type=\"widget\" data-widget_type=\"heading.default\">\n\t\t\t\t<div class=\"elementor-widget-container\">\n\t\t\t\t\t<h1 class=\"elementor-heading-title elementor-size-default\">Proyectos<\/h1>\t\t\t\t<\/div>\n\t\t\t\t<\/div>\n\t\t\t\t\t<\/div>\n\t\t\t\t<\/div>\n\t\t\t\t<\/div>\n\t\t<div class=\"elementor-element elementor-element-93ea5fb e-con-full e-flex e-con e-child\" data-id=\"93ea5fb\" data-element_type=\"container\" data-e-type=\"container\">\n\t\t<div class=\"elementor-element elementor-element-c3514a4 e-con-full e-flex e-con e-child\" data-id=\"c3514a4\" data-element_type=\"container\" data-e-type=\"container\">\n\t\t<div class=\"elementor-element elementor-element-5709f20 e-con-full e-flex e-con e-child\" data-id=\"5709f20\" data-element_type=\"container\" data-e-type=\"container\">\n\t\t\t\t<div class=\"elementor-element elementor-element-be05145 elementor-widget elementor-widget-jet-listing-grid\" data-id=\"be05145\" data-element_type=\"widget\" data-e-type=\"widget\" data-settings=\"{&quot;columns&quot;:3,&quot;columns_tablet&quot;:&quot;2&quot;,&quot;columns_mobile&quot;:&quot;1&quot;}\" data-widget_type=\"jet-listing-grid.default\">\n\t\t\t\t<div class=\"elementor-widget-container\">\n\t\t\t\t\t<div class=\"jet-listing-grid jet-listing-grid--lazy-load jet-listing jet-listing-grid-loading\" data-lazy-load=\"{&quot;offset&quot;:&quot;0px&quot;,&quot;post_id&quot;:3309,&quot;queried_id&quot;:&quot;3309|WP_Post&quot;}\"><div class=\"jet-listing-grid__loader\"><div class=\"jet-listing-grid__loader-spinner\"><\/div><\/div><\/div>\t\t\t\t<\/div>\n\t\t\t\t<\/div>\n\t\t\t\t<\/div>\n\t\t\t\t<\/div>\n\t\t\t\t<\/div>\n\t\t\t\t\t<\/div>\n\t\t\t\t<\/div>\n\t\t<div class=\"elementor-element elementor-element-7082f7e e-flex e-con-boxed e-con e-parent\" data-id=\"7082f7e\" data-element_type=\"container\" data-e-type=\"container\" data-settings=\"{&quot;background_background&quot;:&quot;classic&quot;}\">\n\t\t\t\t\t<div class=\"e-con-inner\">\n\t\t\t\t<div class=\"elementor-element elementor-element-222093c elementor-widget__width-initial elementor-widget elementor-widget-heading\" data-id=\"222093c\" data-element_type=\"widget\" data-e-type=\"widget\" data-widget_type=\"heading.default\">\n\t\t\t\t<div class=\"elementor-widget-container\">\n\t\t\t\t\t<h1 class=\"elementor-heading-title elementor-size-default\">\u00bfListo para transformar su espacio?<\/h1>\t\t\t\t<\/div>\n\t\t\t\t<\/div>\n\t\t\t\t<div class=\"elementor-element elementor-element-aabf35f elementor-widget__width-initial elementor-widget elementor-widget-text-editor\" data-id=\"aabf35f\" data-element_type=\"widget\" data-e-type=\"widget\" data-widget_type=\"text-editor.default\">\n\t\t\t\t<div class=\"elementor-widget-container\">\n\t\t\t\t\t\t\t\t\t<p>\u00a0\u00a1Hablemos de tecnolog\u00eda!<\/p>\t\t\t\t\t\t\t\t<\/div>\n\t\t\t\t<\/div>\n\t\t\t\t<div class=\"elementor-element elementor-element-09bca50 elementor-align-center elementor-widget elementor-widget-button\" data-id=\"09bca50\" data-element_type=\"widget\" data-e-type=\"widget\" data-widget_type=\"button.default\">\n\t\t\t\t<div class=\"elementor-widget-container\">\n\t\t\t\t\t\t\t\t\t<div class=\"elementor-button-wrapper\">\n\t\t\t\t\t<a class=\"elementor-button elementor-button-link elementor-size-sm\" href=\"https:\/\/smartintegrationsfl.com\/es\/contact\/\">\n\t\t\t\t\t\t<span class=\"elementor-button-content-wrapper\">\n\t\t\t\t\t\t\t\t\t<span class=\"elementor-button-text\">Cont\u00e1ctenos<\/span>\n\t\t\t\t\t<\/span>\n\t\t\t\t\t<\/a>\n\t\t\t\t<\/div>\n\t\t\t\t\t\t\t\t<\/div>\n\t\t\t\t<\/div>\n\t\t\t\t\t<\/div>\n\t\t\t\t<\/div>\n\t\t\t\t<\/div>","protected":false},"excerpt":{"rendered":"<p>Seamless Integration Smart Solutions for Builders. Builders now have the opportunity to seamlessly integrate Smart Integration Solutions into their projects, offering homeowners the state-of-the-art technology they crave. These solutions encompass a wide range of features, including Security &amp; Automation, Climate &amp; Lighting control, Entertainment systems, Sunshade Solutions, and Access Control. By incorporating these integrated systems, [&hellip;]<\/p>","protected":false},"author":1,"featured_media":0,"parent":2818,"menu_order":0,"comment_status":"closed","ping_status":"closed","template":"elementor_header_footer","meta":{"footnotes":""},"class_list":["post-3309","page","type-page","status-publish","hentry"],"_links":{"self":[{"href":"https:\/\/smartintegrationsfl.com\/es\/wp-json\/wp\/v2\/pages\/3309","targetHints":{"allow":["GET"]}}],"collection":[{"href":"https:\/\/smartintegrationsfl.com\/es\/wp-json\/wp\/v2\/pages"}],"about":[{"href":"https:\/\/smartintegrationsfl.com\/es\/wp-json\/wp\/v2\/types\/page"}],"author":[{"embeddable":true,"href":"https:\/\/smartintegrationsfl.com\/es\/wp-json\/wp\/v2\/users\/1"}],"replies":[{"embeddable":true,"href":"https:\/\/smartintegrationsfl.com\/es\/wp-json\/wp\/v2\/comments?post=3309"}],"version-history":[{"count":5,"href":"https:\/\/smartintegrationsfl.com\/es\/wp-json\/wp\/v2\/pages\/3309\/revisions"}],"predecessor-version":[{"id":3525,"href":"https:\/\/smartintegrationsfl.com\/es\/wp-json\/wp\/v2\/pages\/3309\/revisions\/3525"}],"up":[{"embeddable":true,"href":"https:\/\/smartintegrationsfl.com\/es\/wp-json\/wp\/v2\/pages\/2818"}],"wp:attachment":[{"href":"https:\/\/smartintegrationsfl.com\/es\/wp-json\/wp\/v2\/media?parent=3309"}],"curies":[{"name":"wp","href":"https:\/\/api.w.org\/{rel}","templated":true}]}}