{"id":3231,"date":"2024-03-27T21:06:43","date_gmt":"2024-03-28T01:06:43","guid":{"rendered":"https:\/\/smartintegrationsfl.com\/?page_id=3231"},"modified":"2024-03-27T21:26:47","modified_gmt":"2024-03-28T01:26:47","slug":"design","status":"publish","type":"page","link":"https:\/\/smartintegrationsfl.com\/es\/services\/design\/","title":{"rendered":"Dise\u00f1o de Sistemas"},"content":{"rendered":"<div data-elementor-type=\"wp-page\" data-elementor-id=\"3231\" class=\"elementor elementor-3231\" data-elementor-post-type=\"page\">\n\t\t\t\t<div class=\"elementor-element elementor-element-cafcaf8 e-flex e-con-boxed e-con e-parent\" data-id=\"cafcaf8\" data-element_type=\"container\" data-e-type=\"container\" data-settings=\"{&quot;background_background&quot;:&quot;classic&quot;}\">\n\t\t\t\t\t<div class=\"e-con-inner\">\n\t\t<div class=\"elementor-element elementor-element-f405b66 e-con-full e-flex e-con e-child\" data-id=\"f405b66\" data-element_type=\"container\" data-e-type=\"container\">\n\t\t\t\t<\/div>\n\t\t\t\t\t<\/div>\n\t\t\t\t<\/div>\n\t\t<div class=\"elementor-element elementor-element-a47af41 e-flex e-con-boxed e-con e-parent\" data-id=\"a47af41\" data-element_type=\"container\" data-e-type=\"container\">\n\t\t\t\t\t<div class=\"e-con-inner\">\n\t\t<div class=\"elementor-element elementor-element-315d40b e-con-full e-flex e-con e-child\" data-id=\"315d40b\" data-element_type=\"container\" data-e-type=\"container\">\n\t\t<div class=\"elementor-element elementor-element-ff2584d e-con-full e-flex e-con e-child\" data-id=\"ff2584d\" data-element_type=\"container\" data-e-type=\"container\">\n\t\t\t\t<div class=\"elementor-element elementor-element-fb15366 elementor-widget-mobile__width-inherit elementor-widget__width-initial elementor-widget-tablet__width-initial elementor-widget elementor-widget-image\" data-id=\"fb15366\" data-element_type=\"widget\" data-e-type=\"widget\" data-widget_type=\"image.default\">\n\t\t\t\t<div class=\"elementor-widget-container\">\n\t\t\t\t\t\t\t\t\t\t\t\t\t\t\t<img fetchpriority=\"high\" decoding=\"async\" width=\"950\" height=\"763\" src=\"https:\/\/smartintegrationsfl.com\/wp-content\/uploads\/2024\/03\/floorplan.jpg\" class=\"attachment-full size-full wp-image-3253\" alt=\"\" srcset=\"https:\/\/smartintegrationsfl.com\/wp-content\/uploads\/2024\/03\/floorplan.jpg 950w, https:\/\/smartintegrationsfl.com\/wp-content\/uploads\/2024\/03\/floorplan-300x241.jpg 300w, https:\/\/smartintegrationsfl.com\/wp-content\/uploads\/2024\/03\/floorplan-768x617.jpg 768w\" sizes=\"(max-width: 950px) 100vw, 950px\" \/>\t\t\t\t\t\t\t\t\t\t\t\t\t\t\t<\/div>\n\t\t\t\t<\/div>\n\t\t\t\t<\/div>\n\t\t<div class=\"elementor-element elementor-element-8acc48b e-con-full e-flex e-con e-child\" data-id=\"8acc48b\" data-element_type=\"container\" data-e-type=\"container\">\n\t\t\t\t<div class=\"elementor-element elementor-element-aa39fb4 elementor-widget elementor-widget-heading\" data-id=\"aa39fb4\" data-element_type=\"widget\" data-e-type=\"widget\" data-widget_type=\"heading.default\">\n\t\t\t\t<div class=\"elementor-widget-container\">\n\t\t\t\t\t<h2 class=\"elementor-heading-title elementor-size-default\">Dise\u00f1o de Sistemas Eficientes<\/h2>\t\t\t\t<\/div>\n\t\t\t\t<\/div>\n\t\t\t\t<div class=\"elementor-element elementor-element-f13efcc elementor-widget__width-initial elementor-widget elementor-widget-heading\" data-id=\"f13efcc\" data-element_type=\"widget\" data-e-type=\"widget\" data-widget_type=\"heading.default\">\n\t\t\t\t<div class=\"elementor-widget-container\">\n\t\t\t\t\t<h1 class=\"elementor-heading-title elementor-size-default\">Eficiencia en proyectos y costos.<\/h1>\t\t\t\t<\/div>\n\t\t\t\t<\/div>\n\t\t\t\t<div class=\"elementor-element elementor-element-c98210e elementor-widget__width-initial elementor-widget elementor-widget-text-editor\" data-id=\"c98210e\" data-element_type=\"widget\" data-e-type=\"widget\" data-widget_type=\"text-editor.default\">\n\t\t\t\t<div class=\"elementor-widget-container\">\n\t\t\t\t\t\t\t\t\t<p>\u00bfQu\u00e9 cables son necesarios? \u00bfCu\u00e1ntos ser\u00e1n suficientes? \u00bfCual es la medida correcta? \u00bfSer\u00e1 necesario taladrar las paredes? \u00bfDe qu\u00e9 material est\u00e1n hechas las paredes? \u00bfSe necesita un \"switch\"? \u00bfCu\u00e1ntas c\u00e1maras, bocinas o televisores se integrar\u00e1n? \u00bfY c\u00f3mo se gestionar\u00e1 el control general del sistema? Estas preguntas fundamentales se abordan durante la fase de dise\u00f1o del sistema. Una planificaci\u00f3n cuidadosa es primordial, ya que implica crear un sistema tecnol\u00f3gico capaz de ofrecer los resultados deseados.<\/p><p><span style=\"color: var( --e-global-color-text );\">Nuestro servicio de dise\u00f1o de sistemas ayuda a la finalizaci\u00f3n del proyecto, ahorrando tiempo y costos mientras asegura un proceso de integraci\u00f3n profesional y certificado. Disfrute de un proyecto completado r\u00e1pidamente, con control de costos y orientaci\u00f3n de dise\u00f1o experta adaptada a sus necesidades.<\/span><\/p>\t\t\t\t\t\t\t\t<\/div>\n\t\t\t\t<\/div>\n\t\t\t\t<\/div>\n\t\t\t\t<\/div>\n\t\t\t\t\t<\/div>\n\t\t\t\t<\/div>\n\t\t<div class=\"elementor-element elementor-element-10cd7a7 e-flex e-con-boxed e-con e-parent\" data-id=\"10cd7a7\" data-element_type=\"container\" data-e-type=\"container\" data-settings=\"{&quot;background_background&quot;:&quot;classic&quot;}\">\n\t\t\t\t\t<div class=\"e-con-inner\">\n\t\t<div class=\"elementor-element elementor-element-9f4ab2c e-con-full e-flex e-con e-child\" data-id=\"9f4ab2c\" data-element_type=\"container\" data-e-type=\"container\">\n\t\t<div class=\"elementor-element elementor-element-95b62e3 e-flex e-con-boxed e-con e-child\" data-id=\"95b62e3\" data-element_type=\"container\" data-e-type=\"container\">\n\t\t\t\t\t<div class=\"e-con-inner\">\n\t\t\t\t<div class=\"elementor-element elementor-element-788558e elementor-widget elementor-widget-heading\" data-id=\"788558e\" data-element_type=\"widget\" data-e-type=\"widget\" data-widget_type=\"heading.default\">\n\t\t\t\t<div class=\"elementor-widget-container\">\n\t\t\t\t\t<h2 class=\"elementor-heading-title elementor-size-default\">Nuestros<\/h2>\t\t\t\t<\/div>\n\t\t\t\t<\/div>\n\t\t\t\t<div class=\"elementor-element elementor-element-b93f9ea elementor-widget__width-initial elementor-widget elementor-widget-heading\" data-id=\"b93f9ea\" data-element_type=\"widget\" data-e-type=\"widget\" data-widget_type=\"heading.default\">\n\t\t\t\t<div class=\"elementor-widget-container\">\n\t\t\t\t\t<h1 class=\"elementor-heading-title elementor-size-default\">Proyectos<\/h1>\t\t\t\t<\/div>\n\t\t\t\t<\/div>\n\t\t\t\t\t<\/div>\n\t\t\t\t<\/div>\n\t\t\t\t<\/div>\n\t\t<div class=\"elementor-element elementor-element-93ea5fb e-con-full e-flex e-con e-child\" data-id=\"93ea5fb\" data-element_type=\"container\" data-e-type=\"container\">\n\t\t<div class=\"elementor-element elementor-element-c3514a4 e-con-full e-flex e-con e-child\" data-id=\"c3514a4\" data-element_type=\"container\" data-e-type=\"container\">\n\t\t<div class=\"elementor-element elementor-element-5709f20 e-con-full e-flex e-con e-child\" data-id=\"5709f20\" data-element_type=\"container\" data-e-type=\"container\">\n\t\t\t\t<div class=\"elementor-element elementor-element-be05145 elementor-widget elementor-widget-jet-listing-grid\" data-id=\"be05145\" data-element_type=\"widget\" data-e-type=\"widget\" data-settings=\"{&quot;columns&quot;:3,&quot;columns_tablet&quot;:&quot;2&quot;,&quot;columns_mobile&quot;:&quot;1&quot;}\" data-widget_type=\"jet-listing-grid.default\">\n\t\t\t\t<div class=\"elementor-widget-container\">\n\t\t\t\t\t<div class=\"jet-listing-grid jet-listing-grid--lazy-load jet-listing jet-listing-grid-loading\" data-lazy-load=\"{&quot;offset&quot;:&quot;0px&quot;,&quot;post_id&quot;:3231,&quot;queried_id&quot;:&quot;3231|WP_Post&quot;}\"><div class=\"jet-listing-grid__loader\"><div class=\"jet-listing-grid__loader-spinner\"><\/div><\/div><\/div>\t\t\t\t<\/div>\n\t\t\t\t<\/div>\n\t\t\t\t<\/div>\n\t\t\t\t<\/div>\n\t\t\t\t<\/div>\n\t\t\t\t\t<\/div>\n\t\t\t\t<\/div>\n\t\t<div class=\"elementor-element elementor-element-7082f7e e-flex e-con-boxed e-con e-parent\" data-id=\"7082f7e\" data-element_type=\"container\" data-e-type=\"container\" data-settings=\"{&quot;background_background&quot;:&quot;classic&quot;}\">\n\t\t\t\t\t<div class=\"e-con-inner\">\n\t\t\t\t<div class=\"elementor-element elementor-element-222093c elementor-widget__width-initial elementor-widget elementor-widget-heading\" data-id=\"222093c\" data-element_type=\"widget\" data-e-type=\"widget\" data-widget_type=\"heading.default\">\n\t\t\t\t<div class=\"elementor-widget-container\">\n\t\t\t\t\t<h1 class=\"elementor-heading-title elementor-size-default\">\u00bfListo para transformar su espacio?<\/h1>\t\t\t\t<\/div>\n\t\t\t\t<\/div>\n\t\t\t\t<div class=\"elementor-element elementor-element-aabf35f elementor-widget__width-initial elementor-widget elementor-widget-text-editor\" data-id=\"aabf35f\" data-element_type=\"widget\" data-e-type=\"widget\" data-widget_type=\"text-editor.default\">\n\t\t\t\t<div class=\"elementor-widget-container\">\n\t\t\t\t\t\t\t\t\t<p>\u00a0\u00a1Hablemos de tecnolog\u00eda!<\/p>\t\t\t\t\t\t\t\t<\/div>\n\t\t\t\t<\/div>\n\t\t\t\t<div class=\"elementor-element elementor-element-09bca50 elementor-align-center elementor-widget elementor-widget-button\" data-id=\"09bca50\" data-element_type=\"widget\" data-e-type=\"widget\" data-widget_type=\"button.default\">\n\t\t\t\t<div class=\"elementor-widget-container\">\n\t\t\t\t\t\t\t\t\t<div class=\"elementor-button-wrapper\">\n\t\t\t\t\t<a class=\"elementor-button elementor-button-link elementor-size-sm\" href=\"https:\/\/smartintegrationsfl.com\/es\/contact\/\">\n\t\t\t\t\t\t<span class=\"elementor-button-content-wrapper\">\n\t\t\t\t\t\t\t\t\t<span class=\"elementor-button-text\">Cont\u00e1ctenos<\/span>\n\t\t\t\t\t<\/span>\n\t\t\t\t\t<\/a>\n\t\t\t\t<\/div>\n\t\t\t\t\t\t\t\t<\/div>\n\t\t\t\t<\/div>\n\t\t\t\t\t<\/div>\n\t\t\t\t<\/div>\n\t\t\t\t<\/div>","protected":false},"excerpt":{"rendered":"<p>Efficient System Design Streamlining projects and costs. Which cables are necessary? How many will suffice? What lengths are required? Will wall drilling be necessary? What material comprises the wall? Is a switch needed? How many cameras, speakers, or TVs are to be integrated? And how will overall system control be managed? These pivotal inquiries are [&hellip;]<\/p>","protected":false},"author":1,"featured_media":0,"parent":2818,"menu_order":0,"comment_status":"closed","ping_status":"closed","template":"elementor_header_footer","meta":{"footnotes":""},"class_list":["post-3231","page","type-page","status-publish","hentry"],"_links":{"self":[{"href":"https:\/\/smartintegrationsfl.com\/es\/wp-json\/wp\/v2\/pages\/3231","targetHints":{"allow":["GET"]}}],"collection":[{"href":"https:\/\/smartintegrationsfl.com\/es\/wp-json\/wp\/v2\/pages"}],"about":[{"href":"https:\/\/smartintegrationsfl.com\/es\/wp-json\/wp\/v2\/types\/page"}],"author":[{"embeddable":true,"href":"https:\/\/smartintegrationsfl.com\/es\/wp-json\/wp\/v2\/users\/1"}],"replies":[{"embeddable":true,"href":"https:\/\/smartintegrationsfl.com\/es\/wp-json\/wp\/v2\/comments?post=3231"}],"version-history":[{"count":5,"href":"https:\/\/smartintegrationsfl.com\/es\/wp-json\/wp\/v2\/pages\/3231\/revisions"}],"predecessor-version":[{"id":3256,"href":"https:\/\/smartintegrationsfl.com\/es\/wp-json\/wp\/v2\/pages\/3231\/revisions\/3256"}],"up":[{"embeddable":true,"href":"https:\/\/smartintegrationsfl.com\/es\/wp-json\/wp\/v2\/pages\/2818"}],"wp:attachment":[{"href":"https:\/\/smartintegrationsfl.com\/es\/wp-json\/wp\/v2\/media?parent=3231"}],"curies":[{"name":"wp","href":"https:\/\/api.w.org\/{rel}","templated":true}]}}