{"id":3197,"date":"2024-03-27T20:43:17","date_gmt":"2024-03-28T00:43:17","guid":{"rendered":"https:\/\/smartintegrationsfl.com\/?page_id=3197"},"modified":"2024-03-27T21:00:34","modified_gmt":"2024-03-28T01:00:34","slug":"cctv","status":"publish","type":"page","link":"https:\/\/smartintegrationsfl.com\/es\/services\/cctv\/","title":{"rendered":"C\u00e1maras &amp; Control de Acceso"},"content":{"rendered":"<div data-elementor-type=\"wp-page\" data-elementor-id=\"3197\" class=\"elementor elementor-3197\" data-elementor-post-type=\"page\">\n\t\t\t\t<div class=\"elementor-element elementor-element-cafcaf8 e-flex e-con-boxed e-con e-parent\" data-id=\"cafcaf8\" data-element_type=\"container\" data-e-type=\"container\" data-settings=\"{&quot;background_background&quot;:&quot;classic&quot;}\">\n\t\t\t\t\t<div class=\"e-con-inner\">\n\t\t<div class=\"elementor-element elementor-element-f405b66 e-con-full e-flex e-con e-child\" data-id=\"f405b66\" data-element_type=\"container\" data-e-type=\"container\">\n\t\t\t\t<\/div>\n\t\t\t\t\t<\/div>\n\t\t\t\t<\/div>\n\t\t<div class=\"elementor-element elementor-element-a47af41 e-flex e-con-boxed e-con e-parent\" data-id=\"a47af41\" data-element_type=\"container\" data-e-type=\"container\">\n\t\t\t\t\t<div class=\"e-con-inner\">\n\t\t<div class=\"elementor-element elementor-element-315d40b e-con-full e-flex e-con e-child\" data-id=\"315d40b\" data-element_type=\"container\" data-e-type=\"container\">\n\t\t<div class=\"elementor-element elementor-element-ff2584d e-con-full e-flex e-con e-child\" data-id=\"ff2584d\" data-element_type=\"container\" data-e-type=\"container\">\n\t\t\t\t<div class=\"elementor-element elementor-element-fb15366 elementor-widget-mobile__width-inherit elementor-widget__width-initial elementor-widget-tablet__width-initial elementor-widget elementor-widget-image\" data-id=\"fb15366\" data-element_type=\"widget\" data-e-type=\"widget\" data-widget_type=\"image.default\">\n\t\t\t\t<div class=\"elementor-widget-container\">\n\t\t\t\t\t\t\t\t\t\t\t\t\t\t\t<img fetchpriority=\"high\" decoding=\"async\" width=\"798\" height=\"574\" src=\"https:\/\/smartintegrationsfl.com\/wp-content\/uploads\/2024\/03\/DSC06005.jpg\" class=\"attachment-full size-full wp-image-2617\" alt=\"\" srcset=\"https:\/\/smartintegrationsfl.com\/wp-content\/uploads\/2024\/03\/DSC06005.jpg 798w, https:\/\/smartintegrationsfl.com\/wp-content\/uploads\/2024\/03\/DSC06005-300x216.jpg 300w, https:\/\/smartintegrationsfl.com\/wp-content\/uploads\/2024\/03\/DSC06005-768x552.jpg 768w\" sizes=\"(max-width: 798px) 100vw, 798px\" \/>\t\t\t\t\t\t\t\t\t\t\t\t\t\t\t<\/div>\n\t\t\t\t<\/div>\n\t\t\t\t<\/div>\n\t\t<div class=\"elementor-element elementor-element-8acc48b e-con-full e-flex e-con e-child\" data-id=\"8acc48b\" data-element_type=\"container\" data-e-type=\"container\">\n\t\t\t\t<div class=\"elementor-element elementor-element-aa39fb4 elementor-widget elementor-widget-heading\" data-id=\"aa39fb4\" data-element_type=\"widget\" data-e-type=\"widget\" data-widget_type=\"heading.default\">\n\t\t\t\t<div class=\"elementor-widget-container\">\n\t\t\t\t\t<h2 class=\"elementor-heading-title elementor-size-default\">Sistemas de C\u00e1maras Modernos<\/h2>\t\t\t\t<\/div>\n\t\t\t\t<\/div>\n\t\t\t\t<div class=\"elementor-element elementor-element-f13efcc elementor-widget__width-initial elementor-widget elementor-widget-heading\" data-id=\"f13efcc\" data-element_type=\"widget\" data-e-type=\"widget\" data-widget_type=\"heading.default\">\n\t\t\t\t<div class=\"elementor-widget-container\">\n\t\t\t\t\t<h1 class=\"elementor-heading-title elementor-size-default\">Vigilancia avanzada.<\/h1>\t\t\t\t<\/div>\n\t\t\t\t<\/div>\n\t\t\t\t<div class=\"elementor-element elementor-element-c98210e elementor-widget__width-initial elementor-widget elementor-widget-text-editor\" data-id=\"c98210e\" data-element_type=\"widget\" data-e-type=\"widget\" data-widget_type=\"text-editor.default\">\n\t\t\t\t<div class=\"elementor-widget-container\">\n\t\t\t\t\t\t\t\t\t<p>El objetivo principal de un sistema de c\u00e1maras es grabar la actividad las 24 horas del d\u00eda, pero en la actualidad ofrece una multitud de beneficios adicionales. Ahora se puede acceder al sistema de c\u00e1maras a trav\u00e9s de un tel\u00e9fono inteligente desde cualquier parte del mundo, garantizando un monitoreo constante de la propiedad.<\/p><p>Adem\u00e1s, cuando se combina con la tecnolog\u00eda de Control de Acceso, las capacidades del sistema de c\u00e1maras se expanden a\u00fan m\u00e1s, permitiendo un control preciso sobre los puntos de entrada y salida. Se pueden utilizar varios m\u00e9todos como c\u00f3digos de entrada, tarjetas, huellas dactilares o reconocimiento facial para el acceso a las instalaciones.\u00a0<\/p><p>Ya sea con o sin control de acceso, los sistemas de c\u00e1maras pueden adaptarse a necesidades individuales. Los usos m\u00e1s comunes son prevenir el acceso no autorizado, actividades criminales en tiendas y \u00e1reas interiores, revisar protocolos en almacenes, prevenir robos y otras actividades maliciosas en hoteles, monitorear el \"front and back-of-the house\" en restaurantes y la actividad y productividad de los empleados en oficinas, entre otros.<\/p>\t\t\t\t\t\t\t\t<\/div>\n\t\t\t\t<\/div>\n\t\t\t\t<\/div>\n\t\t\t\t<\/div>\n\t\t\t\t\t<\/div>\n\t\t\t\t<\/div>\n\t\t<div class=\"elementor-element elementor-element-10cd7a7 e-flex e-con-boxed e-con e-parent\" data-id=\"10cd7a7\" data-element_type=\"container\" data-e-type=\"container\" data-settings=\"{&quot;background_background&quot;:&quot;classic&quot;}\">\n\t\t\t\t\t<div class=\"e-con-inner\">\n\t\t<div class=\"elementor-element elementor-element-9f4ab2c e-con-full e-flex e-con e-child\" data-id=\"9f4ab2c\" data-element_type=\"container\" data-e-type=\"container\">\n\t\t<div class=\"elementor-element elementor-element-95b62e3 e-flex e-con-boxed e-con e-child\" data-id=\"95b62e3\" data-element_type=\"container\" data-e-type=\"container\">\n\t\t\t\t\t<div class=\"e-con-inner\">\n\t\t\t\t<div class=\"elementor-element elementor-element-788558e elementor-widget elementor-widget-heading\" data-id=\"788558e\" data-element_type=\"widget\" data-e-type=\"widget\" data-widget_type=\"heading.default\">\n\t\t\t\t<div class=\"elementor-widget-container\">\n\t\t\t\t\t<h2 class=\"elementor-heading-title elementor-size-default\">Nuestros<\/h2>\t\t\t\t<\/div>\n\t\t\t\t<\/div>\n\t\t\t\t<div class=\"elementor-element elementor-element-b93f9ea elementor-widget__width-initial elementor-widget elementor-widget-heading\" data-id=\"b93f9ea\" data-element_type=\"widget\" data-e-type=\"widget\" data-widget_type=\"heading.default\">\n\t\t\t\t<div class=\"elementor-widget-container\">\n\t\t\t\t\t<h1 class=\"elementor-heading-title elementor-size-default\">Proyectos<\/h1>\t\t\t\t<\/div>\n\t\t\t\t<\/div>\n\t\t\t\t\t<\/div>\n\t\t\t\t<\/div>\n\t\t\t\t<\/div>\n\t\t<div class=\"elementor-element elementor-element-93ea5fb e-con-full e-flex e-con e-child\" data-id=\"93ea5fb\" data-element_type=\"container\" data-e-type=\"container\">\n\t\t<div class=\"elementor-element elementor-element-c3514a4 e-con-full e-flex e-con e-child\" data-id=\"c3514a4\" data-element_type=\"container\" data-e-type=\"container\">\n\t\t<div class=\"elementor-element elementor-element-5709f20 e-con-full e-flex e-con e-child\" data-id=\"5709f20\" data-element_type=\"container\" data-e-type=\"container\">\n\t\t\t\t<div class=\"elementor-element elementor-element-be05145 elementor-widget elementor-widget-jet-listing-grid\" data-id=\"be05145\" data-element_type=\"widget\" data-e-type=\"widget\" data-settings=\"{&quot;columns&quot;:3,&quot;columns_tablet&quot;:&quot;2&quot;,&quot;columns_mobile&quot;:&quot;1&quot;}\" data-widget_type=\"jet-listing-grid.default\">\n\t\t\t\t<div class=\"elementor-widget-container\">\n\t\t\t\t\t<div class=\"jet-listing-grid jet-listing-grid--lazy-load jet-listing jet-listing-grid-loading\" data-lazy-load=\"{&quot;offset&quot;:&quot;0px&quot;,&quot;post_id&quot;:3197,&quot;queried_id&quot;:&quot;3197|WP_Post&quot;}\"><div class=\"jet-listing-grid__loader\"><div class=\"jet-listing-grid__loader-spinner\"><\/div><\/div><\/div>\t\t\t\t<\/div>\n\t\t\t\t<\/div>\n\t\t\t\t<\/div>\n\t\t\t\t<\/div>\n\t\t\t\t<\/div>\n\t\t\t\t\t<\/div>\n\t\t\t\t<\/div>\n\t\t<div class=\"elementor-element elementor-element-7082f7e e-flex e-con-boxed e-con e-parent\" data-id=\"7082f7e\" data-element_type=\"container\" data-e-type=\"container\" data-settings=\"{&quot;background_background&quot;:&quot;classic&quot;}\">\n\t\t\t\t\t<div class=\"e-con-inner\">\n\t\t\t\t<div class=\"elementor-element elementor-element-222093c elementor-widget__width-initial elementor-widget elementor-widget-heading\" data-id=\"222093c\" data-element_type=\"widget\" data-e-type=\"widget\" data-widget_type=\"heading.default\">\n\t\t\t\t<div class=\"elementor-widget-container\">\n\t\t\t\t\t<h1 class=\"elementor-heading-title elementor-size-default\">\u00bfListo para transformar su espacio?<\/h1>\t\t\t\t<\/div>\n\t\t\t\t<\/div>\n\t\t\t\t<div class=\"elementor-element elementor-element-aabf35f elementor-widget__width-initial elementor-widget elementor-widget-text-editor\" data-id=\"aabf35f\" data-element_type=\"widget\" data-e-type=\"widget\" data-widget_type=\"text-editor.default\">\n\t\t\t\t<div class=\"elementor-widget-container\">\n\t\t\t\t\t\t\t\t\t<p>\u00a0\u00a1Hablemos de tecnolog\u00eda!<\/p>\t\t\t\t\t\t\t\t<\/div>\n\t\t\t\t<\/div>\n\t\t\t\t<div class=\"elementor-element elementor-element-09bca50 elementor-align-center elementor-widget elementor-widget-button\" data-id=\"09bca50\" data-element_type=\"widget\" data-e-type=\"widget\" data-widget_type=\"button.default\">\n\t\t\t\t<div class=\"elementor-widget-container\">\n\t\t\t\t\t\t\t\t\t<div class=\"elementor-button-wrapper\">\n\t\t\t\t\t<a class=\"elementor-button elementor-button-link elementor-size-sm\" href=\"https:\/\/smartintegrationsfl.com\/es\/contact\/\">\n\t\t\t\t\t\t<span class=\"elementor-button-content-wrapper\">\n\t\t\t\t\t\t\t\t\t<span class=\"elementor-button-text\">Cont\u00e1ctenos<\/span>\n\t\t\t\t\t<\/span>\n\t\t\t\t\t<\/a>\n\t\t\t\t<\/div>\n\t\t\t\t\t\t\t\t<\/div>\n\t\t\t\t<\/div>\n\t\t\t\t\t<\/div>\n\t\t\t\t<\/div>\n\t\t\t\t<\/div>","protected":false},"excerpt":{"rendered":"<p>Modern Camera Systems Beyond Basic Surveillance. The main objective of a camera system is to record activity 24 hours a day, but in today&#8217;s context, it offers a multitude of additional benefits. One can now access the camera system through a laptop or smartphone from anywhere in the world, ensuring constant monitoring of one&#8217;s property [&hellip;]<\/p>","protected":false},"author":1,"featured_media":0,"parent":2818,"menu_order":0,"comment_status":"closed","ping_status":"closed","template":"elementor_header_footer","meta":{"footnotes":""},"class_list":["post-3197","page","type-page","status-publish","hentry"],"_links":{"self":[{"href":"https:\/\/smartintegrationsfl.com\/es\/wp-json\/wp\/v2\/pages\/3197","targetHints":{"allow":["GET"]}}],"collection":[{"href":"https:\/\/smartintegrationsfl.com\/es\/wp-json\/wp\/v2\/pages"}],"about":[{"href":"https:\/\/smartintegrationsfl.com\/es\/wp-json\/wp\/v2\/types\/page"}],"author":[{"embeddable":true,"href":"https:\/\/smartintegrationsfl.com\/es\/wp-json\/wp\/v2\/users\/1"}],"replies":[{"embeddable":true,"href":"https:\/\/smartintegrationsfl.com\/es\/wp-json\/wp\/v2\/comments?post=3197"}],"version-history":[{"count":5,"href":"https:\/\/smartintegrationsfl.com\/es\/wp-json\/wp\/v2\/pages\/3197\/revisions"}],"predecessor-version":[{"id":3220,"href":"https:\/\/smartintegrationsfl.com\/es\/wp-json\/wp\/v2\/pages\/3197\/revisions\/3220"}],"up":[{"embeddable":true,"href":"https:\/\/smartintegrationsfl.com\/es\/wp-json\/wp\/v2\/pages\/2818"}],"wp:attachment":[{"href":"https:\/\/smartintegrationsfl.com\/es\/wp-json\/wp\/v2\/media?parent=3197"}],"curies":[{"name":"wp","href":"https:\/\/api.w.org\/{rel}","templated":true}]}}