{"id":3158,"date":"2024-03-26T19:08:04","date_gmt":"2024-03-26T23:08:04","guid":{"rendered":"https:\/\/smartintegrationsfl.com\/?page_id=3158"},"modified":"2024-04-02T14:52:05","modified_gmt":"2024-04-02T18:52:05","slug":"wifi","status":"publish","type":"page","link":"https:\/\/smartintegrationsfl.com\/es\/services\/wifi\/","title":{"rendered":"Wifi y Redes"},"content":{"rendered":"<div data-elementor-type=\"wp-page\" data-elementor-id=\"3158\" class=\"elementor elementor-3158\" data-elementor-post-type=\"page\">\n\t\t\t\t<div class=\"elementor-element elementor-element-cafcaf8 e-flex e-con-boxed e-con e-parent\" data-id=\"cafcaf8\" data-element_type=\"container\" data-e-type=\"container\" data-settings=\"{&quot;background_background&quot;:&quot;classic&quot;}\">\n\t\t\t\t\t<div class=\"e-con-inner\">\n\t\t<div class=\"elementor-element elementor-element-f405b66 e-con-full e-flex e-con e-child\" data-id=\"f405b66\" data-element_type=\"container\" data-e-type=\"container\">\n\t\t\t\t<\/div>\n\t\t\t\t\t<\/div>\n\t\t\t\t<\/div>\n\t\t<div class=\"elementor-element elementor-element-a47af41 e-flex e-con-boxed e-con e-parent\" data-id=\"a47af41\" data-element_type=\"container\" data-e-type=\"container\">\n\t\t\t\t\t<div class=\"e-con-inner\">\n\t\t<div class=\"elementor-element elementor-element-315d40b e-con-full e-flex e-con e-child\" data-id=\"315d40b\" data-element_type=\"container\" data-e-type=\"container\">\n\t\t<div class=\"elementor-element elementor-element-ff2584d e-con-full e-flex e-con e-child\" data-id=\"ff2584d\" data-element_type=\"container\" data-e-type=\"container\">\n\t\t\t\t<div class=\"elementor-element elementor-element-fb15366 elementor-widget-mobile__width-inherit elementor-widget__width-initial elementor-widget-tablet__width-initial elementor-widget elementor-widget-image\" data-id=\"fb15366\" data-element_type=\"widget\" data-e-type=\"widget\" data-widget_type=\"image.default\">\n\t\t\t\t<div class=\"elementor-widget-container\">\n\t\t\t\t\t\t\t\t\t\t\t\t\t\t\t<img fetchpriority=\"high\" decoding=\"async\" width=\"801\" height=\"575\" src=\"https:\/\/smartintegrationsfl.com\/wp-content\/uploads\/2024\/03\/DSC06076.jpg\" class=\"attachment-full size-full wp-image-2612\" alt=\"\" srcset=\"https:\/\/smartintegrationsfl.com\/wp-content\/uploads\/2024\/03\/DSC06076.jpg 801w, https:\/\/smartintegrationsfl.com\/wp-content\/uploads\/2024\/03\/DSC06076-300x215.jpg 300w, https:\/\/smartintegrationsfl.com\/wp-content\/uploads\/2024\/03\/DSC06076-768x551.jpg 768w\" sizes=\"(max-width: 801px) 100vw, 801px\" \/>\t\t\t\t\t\t\t\t\t\t\t\t\t\t\t<\/div>\n\t\t\t\t<\/div>\n\t\t\t\t<\/div>\n\t\t<div class=\"elementor-element elementor-element-8acc48b e-con-full e-flex e-con e-child\" data-id=\"8acc48b\" data-element_type=\"container\" data-e-type=\"container\">\n\t\t\t\t<div class=\"elementor-element elementor-element-aa39fb4 elementor-widget elementor-widget-heading\" data-id=\"aa39fb4\" data-element_type=\"widget\" data-e-type=\"widget\" data-widget_type=\"heading.default\">\n\t\t\t\t<div class=\"elementor-widget-container\">\n\t\t\t\t\t<h2 class=\"elementor-heading-title elementor-size-default\">Redes confiables<\/h2>\t\t\t\t<\/div>\n\t\t\t\t<\/div>\n\t\t\t\t<div class=\"elementor-element elementor-element-f13efcc elementor-widget__width-initial elementor-widget elementor-widget-heading\" data-id=\"f13efcc\" data-element_type=\"widget\" data-e-type=\"widget\" data-widget_type=\"heading.default\">\n\t\t\t\t<div class=\"elementor-widget-container\">\n\t\t\t\t\t<h1 class=\"elementor-heading-title elementor-size-default\">Descubra el poder de la Conectividad.<\/h1>\t\t\t\t<\/div>\n\t\t\t\t<\/div>\n\t\t\t\t<div class=\"elementor-element elementor-element-c98210e elementor-widget__width-initial elementor-widget elementor-widget-text-editor\" data-id=\"c98210e\" data-element_type=\"widget\" data-e-type=\"widget\" data-widget_type=\"text-editor.default\">\n\t\t\t\t<div class=\"elementor-widget-container\">\n\t\t\t\t\t\t\t\t\t<p>En el mundo actual, tanto en entornos residenciales como comerciales, es necesario contar con un sistemas de redes, cableados e inal\u00e1mbricos. Smart Integration Solutions se especializa en implementar estos sistemas en diferentes tipos de escenarios, desde casas individuales hasta edificios que alojan a cientos de usuarios. Adem\u00e1s, garantizar la seguridad es crucial para protegerse contra amenazas como \"hackers\", \"viruses\" y \"malwares\", que pueden poner en peligro a los usuarios y su informaci\u00f3n sensitiva.<\/p><p>Nuestros servicios incluyen:\u00a0<span style=\"color: var( --e-global-color-text );\">implementaciones de WiFi, <\/span><span style=\"color: var( --e-global-color-text );\">redes con conexi\u00f3n por cable,\u00a0<\/span><span style=\"color: var( --e-global-color-text );\">\"firewalls\",\u00a0<\/span><span style=\"color: var( --e-global-color-text );\">configuraci\u00f3n general y\u00a0<\/span><span style=\"color: var( --e-global-color-text );\">cableado.<\/span><\/p><p>Ofrecemos servicios personalizados de dise\u00f1o e implementaci\u00f3n de infraestructura de red adaptados a tus necesidades espec\u00edficas.<\/p>\t\t\t\t\t\t\t\t<\/div>\n\t\t\t\t<\/div>\n\t\t\t\t<\/div>\n\t\t\t\t<\/div>\n\t\t\t\t\t<\/div>\n\t\t\t\t<\/div>\n\t\t<div class=\"elementor-element elementor-element-10cd7a7 e-flex e-con-boxed e-con e-parent\" data-id=\"10cd7a7\" data-element_type=\"container\" data-e-type=\"container\" data-settings=\"{&quot;background_background&quot;:&quot;classic&quot;}\">\n\t\t\t\t\t<div class=\"e-con-inner\">\n\t\t<div class=\"elementor-element elementor-element-9f4ab2c e-con-full e-flex e-con e-child\" data-id=\"9f4ab2c\" data-element_type=\"container\" data-e-type=\"container\">\n\t\t<div class=\"elementor-element elementor-element-95b62e3 e-flex e-con-boxed e-con e-child\" data-id=\"95b62e3\" data-element_type=\"container\" data-e-type=\"container\">\n\t\t\t\t\t<div class=\"e-con-inner\">\n\t\t\t\t<div class=\"elementor-element elementor-element-788558e elementor-widget elementor-widget-heading\" data-id=\"788558e\" data-element_type=\"widget\" data-e-type=\"widget\" data-widget_type=\"heading.default\">\n\t\t\t\t<div class=\"elementor-widget-container\">\n\t\t\t\t\t<h2 class=\"elementor-heading-title elementor-size-default\">Nuestros<\/h2>\t\t\t\t<\/div>\n\t\t\t\t<\/div>\n\t\t\t\t<div class=\"elementor-element elementor-element-b93f9ea elementor-widget__width-initial elementor-widget elementor-widget-heading\" data-id=\"b93f9ea\" data-element_type=\"widget\" data-e-type=\"widget\" data-widget_type=\"heading.default\">\n\t\t\t\t<div class=\"elementor-widget-container\">\n\t\t\t\t\t<h1 class=\"elementor-heading-title elementor-size-default\">Proyectos<\/h1>\t\t\t\t<\/div>\n\t\t\t\t<\/div>\n\t\t\t\t\t<\/div>\n\t\t\t\t<\/div>\n\t\t\t\t<\/div>\n\t\t<div class=\"elementor-element elementor-element-93ea5fb e-con-full e-flex e-con e-child\" data-id=\"93ea5fb\" data-element_type=\"container\" data-e-type=\"container\">\n\t\t<div class=\"elementor-element elementor-element-c3514a4 e-con-full e-flex e-con e-child\" data-id=\"c3514a4\" data-element_type=\"container\" data-e-type=\"container\">\n\t\t<div class=\"elementor-element elementor-element-5709f20 e-con-full e-flex e-con e-child\" data-id=\"5709f20\" data-element_type=\"container\" data-e-type=\"container\">\n\t\t\t\t<div class=\"elementor-element elementor-element-be05145 elementor-widget elementor-widget-jet-listing-grid\" data-id=\"be05145\" data-element_type=\"widget\" data-e-type=\"widget\" data-settings=\"{&quot;columns&quot;:3,&quot;columns_tablet&quot;:&quot;2&quot;,&quot;columns_mobile&quot;:&quot;1&quot;}\" data-widget_type=\"jet-listing-grid.default\">\n\t\t\t\t<div class=\"elementor-widget-container\">\n\t\t\t\t\t<div class=\"jet-listing-grid jet-listing-grid--lazy-load jet-listing jet-listing-grid-loading\" data-lazy-load=\"{&quot;offset&quot;:&quot;0px&quot;,&quot;post_id&quot;:3158,&quot;queried_id&quot;:&quot;3158|WP_Post&quot;}\"><div class=\"jet-listing-grid__loader\"><div class=\"jet-listing-grid__loader-spinner\"><\/div><\/div><\/div>\t\t\t\t<\/div>\n\t\t\t\t<\/div>\n\t\t\t\t<\/div>\n\t\t\t\t<\/div>\n\t\t\t\t<\/div>\n\t\t\t\t\t<\/div>\n\t\t\t\t<\/div>\n\t\t<div class=\"elementor-element elementor-element-7082f7e e-flex e-con-boxed e-con e-parent\" data-id=\"7082f7e\" data-element_type=\"container\" data-e-type=\"container\" data-settings=\"{&quot;background_background&quot;:&quot;classic&quot;}\">\n\t\t\t\t\t<div class=\"e-con-inner\">\n\t\t\t\t<div class=\"elementor-element elementor-element-222093c elementor-widget__width-initial elementor-widget elementor-widget-heading\" data-id=\"222093c\" data-element_type=\"widget\" data-e-type=\"widget\" data-widget_type=\"heading.default\">\n\t\t\t\t<div class=\"elementor-widget-container\">\n\t\t\t\t\t<h1 class=\"elementor-heading-title elementor-size-default\">\u00bfListo para transformar su espacio?<\/h1>\t\t\t\t<\/div>\n\t\t\t\t<\/div>\n\t\t\t\t<div class=\"elementor-element elementor-element-aabf35f elementor-widget__width-initial elementor-widget elementor-widget-text-editor\" data-id=\"aabf35f\" data-element_type=\"widget\" data-e-type=\"widget\" data-widget_type=\"text-editor.default\">\n\t\t\t\t<div class=\"elementor-widget-container\">\n\t\t\t\t\t\t\t\t\t<p>\u00a0\u00a1Hablemos de tecnolog\u00eda!<\/p>\t\t\t\t\t\t\t\t<\/div>\n\t\t\t\t<\/div>\n\t\t\t\t<div class=\"elementor-element elementor-element-09bca50 elementor-align-center elementor-widget elementor-widget-button\" data-id=\"09bca50\" data-element_type=\"widget\" data-e-type=\"widget\" data-widget_type=\"button.default\">\n\t\t\t\t<div class=\"elementor-widget-container\">\n\t\t\t\t\t\t\t\t\t<div class=\"elementor-button-wrapper\">\n\t\t\t\t\t<a class=\"elementor-button elementor-button-link elementor-size-sm\" href=\"https:\/\/smartintegrationsfl.com\/es\/contact\/\">\n\t\t\t\t\t\t<span class=\"elementor-button-content-wrapper\">\n\t\t\t\t\t\t\t\t\t<span class=\"elementor-button-text\">Cont\u00e1ctenos<\/span>\n\t\t\t\t\t<\/span>\n\t\t\t\t\t<\/a>\n\t\t\t\t<\/div>\n\t\t\t\t\t\t\t\t<\/div>\n\t\t\t\t<\/div>\n\t\t\t\t\t<\/div>\n\t\t\t\t<\/div>\n\t\t\t\t<\/div>","protected":false},"excerpt":{"rendered":"<p>reliable Networks Unleash the Power of Connectivity. In today&#8217;s world, both residential and commercial environments necessitate the presence of wired and wireless network systems. Smart Integrations Solutions specializes in deploying such systems, catering to a diverse range of scenarios, from individual homes to large-scale buildings accommodating hundreds of users. Moreover, ensuring optimal security on these [&hellip;]<\/p>","protected":false},"author":1,"featured_media":0,"parent":2818,"menu_order":0,"comment_status":"closed","ping_status":"closed","template":"elementor_header_footer","meta":{"footnotes":""},"class_list":["post-3158","page","type-page","status-publish","hentry"],"_links":{"self":[{"href":"https:\/\/smartintegrationsfl.com\/es\/wp-json\/wp\/v2\/pages\/3158","targetHints":{"allow":["GET"]}}],"collection":[{"href":"https:\/\/smartintegrationsfl.com\/es\/wp-json\/wp\/v2\/pages"}],"about":[{"href":"https:\/\/smartintegrationsfl.com\/es\/wp-json\/wp\/v2\/types\/page"}],"author":[{"embeddable":true,"href":"https:\/\/smartintegrationsfl.com\/es\/wp-json\/wp\/v2\/users\/1"}],"replies":[{"embeddable":true,"href":"https:\/\/smartintegrationsfl.com\/es\/wp-json\/wp\/v2\/comments?post=3158"}],"version-history":[{"count":5,"href":"https:\/\/smartintegrationsfl.com\/es\/wp-json\/wp\/v2\/pages\/3158\/revisions"}],"predecessor-version":[{"id":3537,"href":"https:\/\/smartintegrationsfl.com\/es\/wp-json\/wp\/v2\/pages\/3158\/revisions\/3537"}],"up":[{"embeddable":true,"href":"https:\/\/smartintegrationsfl.com\/es\/wp-json\/wp\/v2\/pages\/2818"}],"wp:attachment":[{"href":"https:\/\/smartintegrationsfl.com\/es\/wp-json\/wp\/v2\/media?parent=3158"}],"curies":[{"name":"wp","href":"https:\/\/api.w.org\/{rel}","templated":true}]}}