{"id":2638,"date":"2024-03-26T14:54:33","date_gmt":"2024-03-26T18:54:33","guid":{"rendered":"https:\/\/smartintegrationsfl.com\/?page_id=2638"},"modified":"2024-04-02T14:39:42","modified_gmt":"2024-04-02T18:39:42","slug":"about","status":"publish","type":"page","link":"https:\/\/smartintegrationsfl.com\/es\/about\/","title":{"rendered":"Nosotros"},"content":{"rendered":"<div data-elementor-type=\"wp-page\" data-elementor-id=\"2638\" class=\"elementor elementor-2638\" data-elementor-post-type=\"page\">\n\t\t\t\t<div class=\"elementor-element elementor-element-cafcaf8 e-flex e-con-boxed e-con e-parent\" data-id=\"cafcaf8\" data-element_type=\"container\" data-e-type=\"container\" data-settings=\"{&quot;background_background&quot;:&quot;classic&quot;}\">\n\t\t\t\t\t<div class=\"e-con-inner\">\n\t\t<div class=\"elementor-element elementor-element-f405b66 e-con-full e-flex e-con e-child\" data-id=\"f405b66\" data-element_type=\"container\" data-e-type=\"container\">\n\t\t\t\t<\/div>\n\t\t\t\t\t<\/div>\n\t\t\t\t<\/div>\n\t\t<div class=\"elementor-element elementor-element-a47af41 e-flex e-con-boxed e-con e-parent\" data-id=\"a47af41\" data-element_type=\"container\" data-e-type=\"container\">\n\t\t\t\t\t<div class=\"e-con-inner\">\n\t\t<div class=\"elementor-element elementor-element-315d40b e-con-full e-flex e-con e-child\" data-id=\"315d40b\" data-element_type=\"container\" data-e-type=\"container\">\n\t\t<div class=\"elementor-element elementor-element-8acc48b e-con-full e-flex e-con e-child\" data-id=\"8acc48b\" data-element_type=\"container\" data-e-type=\"container\">\n\t\t\t\t<div class=\"elementor-element elementor-element-aa39fb4 elementor-widget elementor-widget-heading\" data-id=\"aa39fb4\" data-element_type=\"widget\" data-e-type=\"widget\" data-widget_type=\"heading.default\">\n\t\t\t\t<div class=\"elementor-widget-container\">\n\t\t\t\t\t<h2 class=\"elementor-heading-title elementor-size-default\">Sobre Nosotros<\/h2>\t\t\t\t<\/div>\n\t\t\t\t<\/div>\n\t\t\t\t<div class=\"elementor-element elementor-element-f13efcc elementor-widget__width-initial elementor-widget elementor-widget-heading\" data-id=\"f13efcc\" data-element_type=\"widget\" data-e-type=\"widget\" data-widget_type=\"heading.default\">\n\t\t\t\t<div class=\"elementor-widget-container\">\n\t\t\t\t\t<h1 class=\"elementor-heading-title elementor-size-default\">Tecnolog\u00eda audiovisual de \u00faltima generaci\u00f3n.<\/h1>\t\t\t\t<\/div>\n\t\t\t\t<\/div>\n\t\t\t\t<div class=\"elementor-element elementor-element-c98210e elementor-widget__width-initial elementor-widget elementor-widget-text-editor\" data-id=\"c98210e\" data-element_type=\"widget\" data-e-type=\"widget\" data-widget_type=\"text-editor.default\">\n\t\t\t\t<div class=\"elementor-widget-container\">\n\t\t\t\t\t\t\t\t\t<p>En Smart Integration Solutions, contamos con m\u00e1s de 25 a\u00f1os de experiencia combinada. Nos enorgullece nuestra capacidad para proporcionar una variedad de servicios personalizados para satisfacer las diversas necesidades de nuestros clientes. Ya sea que est\u00e9 buscando crear un cine en casa, convertir su hogar en un hogar inteligente o mejorar su negocio con soluciones audiovisuales avanzadas, nosotros podemos ayudarle.<\/p><p><span style=\"color: var( --e-global-color-text );\">Como distribuidores autorizados de marcas l\u00edderes en la industria como Samsung, Stealth Acoustics, Theory Audio Design, Magna Audio, Elac y otras, garantizamos el acceso a productos y tecnolog\u00edas de el m\u00e1s alto nivel.<\/span><\/p><p>Nuestro compromiso en Smart Integration Solutions es brindar un servicio excepcional, experiencia sin igual y soluciones innovadoras que superen sus expectativas. Cont\u00e1ctenos hoy mismo para descubrir c\u00f3mo podemos mejorar su espacio con lo \u00faltimo en tecnolog\u00eda audiovisual.<\/p>\t\t\t\t\t\t\t\t<\/div>\n\t\t\t\t<\/div>\n\t\t\t\t<\/div>\n\t\t<div class=\"elementor-element elementor-element-ff2584d e-con-full e-flex e-con e-child\" data-id=\"ff2584d\" data-element_type=\"container\" data-e-type=\"container\">\n\t\t\t\t<div class=\"elementor-element elementor-element-fb15366 elementor-widget__width-initial elementor-widget elementor-widget-image\" data-id=\"fb15366\" data-element_type=\"widget\" data-e-type=\"widget\" data-widget_type=\"image.default\">\n\t\t\t\t<div class=\"elementor-widget-container\">\n\t\t\t\t\t\t\t\t\t\t\t\t\t\t\t<img fetchpriority=\"high\" decoding=\"async\" width=\"619\" height=\"900\" src=\"https:\/\/smartintegrationsfl.com\/wp-content\/uploads\/2024\/03\/speaker1.jpg\" class=\"attachment-full size-full wp-image-2663\" alt=\"\" srcset=\"https:\/\/smartintegrationsfl.com\/wp-content\/uploads\/2024\/03\/speaker1.jpg 619w, https:\/\/smartintegrationsfl.com\/wp-content\/uploads\/2024\/03\/speaker1-206x300.jpg 206w\" sizes=\"(max-width: 619px) 100vw, 619px\" \/>\t\t\t\t\t\t\t\t\t\t\t\t\t\t\t<\/div>\n\t\t\t\t<\/div>\n\t\t<div class=\"elementor-element elementor-element-d0411fa e-con-full e-flex e-con e-child\" data-id=\"d0411fa\" data-element_type=\"container\" data-e-type=\"container\">\n\t\t\t\t<div class=\"elementor-element elementor-element-61a6729 elementor-widget__width-initial elementor-widget elementor-widget-image\" data-id=\"61a6729\" data-element_type=\"widget\" data-e-type=\"widget\" data-widget_type=\"image.default\">\n\t\t\t\t<div class=\"elementor-widget-container\">\n\t\t\t\t\t\t\t\t\t\t\t\t\t\t\t<img decoding=\"async\" width=\"1920\" height=\"1280\" src=\"https:\/\/smartintegrationsfl.com\/wp-content\/uploads\/2024\/03\/XQ5ZCKK.jpg\" class=\"attachment-full size-full wp-image-178\" alt=\"\" srcset=\"https:\/\/smartintegrationsfl.com\/wp-content\/uploads\/2024\/03\/XQ5ZCKK.jpg 1920w, https:\/\/smartintegrationsfl.com\/wp-content\/uploads\/2024\/03\/XQ5ZCKK-300x200.jpg 300w, https:\/\/smartintegrationsfl.com\/wp-content\/uploads\/2024\/03\/XQ5ZCKK-1024x683.jpg 1024w, https:\/\/smartintegrationsfl.com\/wp-content\/uploads\/2024\/03\/XQ5ZCKK-768x512.jpg 768w, https:\/\/smartintegrationsfl.com\/wp-content\/uploads\/2024\/03\/XQ5ZCKK-1536x1024.jpg 1536w\" sizes=\"(max-width: 1920px) 100vw, 1920px\" \/>\t\t\t\t\t\t\t\t\t\t\t\t\t\t\t<\/div>\n\t\t\t\t<\/div>\n\t\t\t\t<\/div>\n\t\t<div class=\"elementor-element elementor-element-51ec2fc e-con-full e-flex e-con e-child\" data-id=\"51ec2fc\" data-element_type=\"container\" data-e-type=\"container\">\n\t\t\t\t<div class=\"elementor-element elementor-element-84e48d6 elementor-widget elementor-widget-spacer\" data-id=\"84e48d6\" data-element_type=\"widget\" data-e-type=\"widget\" data-widget_type=\"spacer.default\">\n\t\t\t\t<div class=\"elementor-widget-container\">\n\t\t\t\t\t\t\t<div class=\"elementor-spacer\">\n\t\t\t<div class=\"elementor-spacer-inner\"><\/div>\n\t\t<\/div>\n\t\t\t\t\t\t<\/div>\n\t\t\t\t<\/div>\n\t\t\t\t<\/div>\n\t\t\t\t<\/div>\n\t\t\t\t<\/div>\n\t\t\t\t\t<\/div>\n\t\t\t\t<\/div>\n\t\t<div class=\"elementor-element elementor-element-10cd7a7 e-flex e-con-boxed e-con e-parent\" data-id=\"10cd7a7\" data-element_type=\"container\" data-e-type=\"container\" data-settings=\"{&quot;background_background&quot;:&quot;classic&quot;}\">\n\t\t\t\t\t<div class=\"e-con-inner\">\n\t\t<div class=\"elementor-element elementor-element-9f4ab2c e-con-full e-flex e-con e-child\" data-id=\"9f4ab2c\" data-element_type=\"container\" data-e-type=\"container\">\n\t\t<div class=\"elementor-element elementor-element-95b62e3 e-flex e-con-boxed e-con e-child\" data-id=\"95b62e3\" data-element_type=\"container\" data-e-type=\"container\">\n\t\t\t\t\t<div class=\"e-con-inner\">\n\t\t\t\t<div class=\"elementor-element elementor-element-788558e elementor-widget elementor-widget-heading\" data-id=\"788558e\" data-element_type=\"widget\" data-e-type=\"widget\" data-widget_type=\"heading.default\">\n\t\t\t\t<div class=\"elementor-widget-container\">\n\t\t\t\t\t<h2 class=\"elementor-heading-title elementor-size-default\">Nuestros<\/h2>\t\t\t\t<\/div>\n\t\t\t\t<\/div>\n\t\t\t\t<div class=\"elementor-element elementor-element-b93f9ea elementor-widget__width-initial elementor-widget elementor-widget-heading\" data-id=\"b93f9ea\" data-element_type=\"widget\" data-e-type=\"widget\" data-widget_type=\"heading.default\">\n\t\t\t\t<div class=\"elementor-widget-container\">\n\t\t\t\t\t<h1 class=\"elementor-heading-title elementor-size-default\">Proyectos<\/h1>\t\t\t\t<\/div>\n\t\t\t\t<\/div>\n\t\t\t\t\t<\/div>\n\t\t\t\t<\/div>\n\t\t\t\t<\/div>\n\t\t<div class=\"elementor-element elementor-element-93ea5fb e-con-full e-flex e-con e-child\" data-id=\"93ea5fb\" data-element_type=\"container\" data-e-type=\"container\">\n\t\t<div class=\"elementor-element elementor-element-c3514a4 e-con-full e-flex e-con e-child\" data-id=\"c3514a4\" data-element_type=\"container\" data-e-type=\"container\">\n\t\t<div class=\"elementor-element elementor-element-5709f20 e-con-full e-flex e-con e-child\" data-id=\"5709f20\" data-element_type=\"container\" data-e-type=\"container\">\n\t\t\t\t<div class=\"elementor-element elementor-element-be05145 elementor-widget elementor-widget-jet-listing-grid\" data-id=\"be05145\" data-element_type=\"widget\" data-e-type=\"widget\" data-settings=\"{&quot;columns&quot;:3,&quot;columns_tablet&quot;:&quot;2&quot;,&quot;columns_mobile&quot;:&quot;1&quot;}\" data-widget_type=\"jet-listing-grid.default\">\n\t\t\t\t<div class=\"elementor-widget-container\">\n\t\t\t\t\t<div class=\"jet-listing-grid jet-listing-grid--lazy-load jet-listing jet-listing-grid-loading\" data-lazy-load=\"{&quot;offset&quot;:&quot;0px&quot;,&quot;post_id&quot;:2638,&quot;queried_id&quot;:&quot;2638|WP_Post&quot;}\"><div class=\"jet-listing-grid__loader\"><div class=\"jet-listing-grid__loader-spinner\"><\/div><\/div><\/div>\t\t\t\t<\/div>\n\t\t\t\t<\/div>\n\t\t\t\t<\/div>\n\t\t\t\t<\/div>\n\t\t\t\t<\/div>\n\t\t\t\t\t<\/div>\n\t\t\t\t<\/div>\n\t\t<div class=\"elementor-element elementor-element-7082f7e e-flex e-con-boxed e-con e-parent\" data-id=\"7082f7e\" data-element_type=\"container\" data-e-type=\"container\" data-settings=\"{&quot;background_background&quot;:&quot;classic&quot;}\">\n\t\t\t\t\t<div class=\"e-con-inner\">\n\t\t\t\t<div class=\"elementor-element elementor-element-222093c elementor-widget__width-initial elementor-widget elementor-widget-heading\" data-id=\"222093c\" data-element_type=\"widget\" data-e-type=\"widget\" data-widget_type=\"heading.default\">\n\t\t\t\t<div class=\"elementor-widget-container\">\n\t\t\t\t\t<h1 class=\"elementor-heading-title elementor-size-default\">\u00bfListo para transformar su espacio?<\/h1>\t\t\t\t<\/div>\n\t\t\t\t<\/div>\n\t\t\t\t<div class=\"elementor-element elementor-element-aabf35f elementor-widget__width-initial elementor-widget elementor-widget-text-editor\" data-id=\"aabf35f\" data-element_type=\"widget\" data-e-type=\"widget\" data-widget_type=\"text-editor.default\">\n\t\t\t\t<div class=\"elementor-widget-container\">\n\t\t\t\t\t\t\t\t\t<p>\u00a0\u00a1Hablemos de tecnolog\u00eda!<\/p>\t\t\t\t\t\t\t\t<\/div>\n\t\t\t\t<\/div>\n\t\t\t\t<div class=\"elementor-element elementor-element-09bca50 elementor-align-center elementor-widget elementor-widget-button\" data-id=\"09bca50\" data-element_type=\"widget\" data-e-type=\"widget\" data-widget_type=\"button.default\">\n\t\t\t\t<div class=\"elementor-widget-container\">\n\t\t\t\t\t\t\t\t\t<div class=\"elementor-button-wrapper\">\n\t\t\t\t\t<a class=\"elementor-button elementor-button-link elementor-size-sm\" href=\"https:\/\/smartintegrationsfl.com\/es\/contact\/\">\n\t\t\t\t\t\t<span class=\"elementor-button-content-wrapper\">\n\t\t\t\t\t\t\t\t\t<span class=\"elementor-button-text\">Cont\u00e1ctenos<\/span>\n\t\t\t\t\t<\/span>\n\t\t\t\t\t<\/a>\n\t\t\t\t<\/div>\n\t\t\t\t\t\t\t\t<\/div>\n\t\t\t\t<\/div>\n\t\t\t\t\t<\/div>\n\t\t\t\t<\/div>\n\t\t\t\t<\/div>","protected":false},"excerpt":{"rendered":"<p>about us State-of-the-art audiovisual solutions. At Smart Integration Solutions, with over 25 years of combined experience, we take pride in our ability to provide a comprehensive array of services customized to meet the varied needs of our clients. Whether you seek to craft the perfect home theater setup, transition to a smart home environment, or [&hellip;]<\/p>","protected":false},"author":1,"featured_media":0,"parent":0,"menu_order":0,"comment_status":"closed","ping_status":"closed","template":"elementor_header_footer","meta":{"footnotes":""},"class_list":["post-2638","page","type-page","status-publish","hentry"],"_links":{"self":[{"href":"https:\/\/smartintegrationsfl.com\/es\/wp-json\/wp\/v2\/pages\/2638","targetHints":{"allow":["GET"]}}],"collection":[{"href":"https:\/\/smartintegrationsfl.com\/es\/wp-json\/wp\/v2\/pages"}],"about":[{"href":"https:\/\/smartintegrationsfl.com\/es\/wp-json\/wp\/v2\/types\/page"}],"author":[{"embeddable":true,"href":"https:\/\/smartintegrationsfl.com\/es\/wp-json\/wp\/v2\/users\/1"}],"replies":[{"embeddable":true,"href":"https:\/\/smartintegrationsfl.com\/es\/wp-json\/wp\/v2\/comments?post=2638"}],"version-history":[{"count":5,"href":"https:\/\/smartintegrationsfl.com\/es\/wp-json\/wp\/v2\/pages\/2638\/revisions"}],"predecessor-version":[{"id":3534,"href":"https:\/\/smartintegrationsfl.com\/es\/wp-json\/wp\/v2\/pages\/2638\/revisions\/3534"}],"wp:attachment":[{"href":"https:\/\/smartintegrationsfl.com\/es\/wp-json\/wp\/v2\/media?parent=2638"}],"curies":[{"name":"wp","href":"https:\/\/api.w.org\/{rel}","templated":true}]}}